{"id":9,"date":"2013-03-26T05:35:26","date_gmt":"2013-03-26T05:35:26","guid":{"rendered":"http:\/\/www.bastelesel.de\/?page_id=9"},"modified":"2013-12-19T21:11:49","modified_gmt":"2013-12-19T19:11:49","slug":"uber-mich","status":"publish","type":"page","link":"https:\/\/www.bastelesel.de\/fr\/uber-mich\/","title":{"rendered":"C&rsquo;est moi"},"content":{"rendered":"<p><a href=\"http:\/\/www.bastelesel.de\/lange-ohren-und-mehlmaul\/esel1\/\" rel=\"attachment wp-att-834\"><img decoding=\"async\" loading=\"lazy\" class=\"alignnone  wp-image-834\" alt=\"Esel1\" src=\"http:\/\/www.bastelesel.de\/wp-content\/uploads\/2013\/06\/Esel1-300x225.jpg\" height=\"180\" width=\"240\" srcset=\"https:\/\/www.bastelesel.de\/wp-content\/uploads\/2013\/06\/Esel1-300x225.jpg 300w, https:\/\/www.bastelesel.de\/wp-content\/uploads\/2013\/06\/Esel1.jpg 800w\" sizes=\"(max-width: 240px) 100vw, 240px\" \/><\/a><\/p>\n<p>Moi, c&rsquo;est l&rsquo;\u00e2ne &#8211; au moins selon mes amis qui m&rsquo;ont donn\u00e9e ce sobriquet. Gr\u00e2ce \u00e0 mes cheveux gris et un certain ent\u00eatement je l&rsquo;ai re\u00e7u il y a d\u00e9j\u00e0 quelques ans. Ent\u00eat\u00e9e &#8211; je le suis souvent s&rsquo;il faut r\u00e9aliser chose impossible. En dehors de \u00e7a je pr\u00e9f\u00e8re suivre la fidelit\u00e9 transmise du l&rsquo;\u00e2ne du Saint Nicolas ou la devise de celui des Bremer Stadtmusikanten qui disait: \u00ab\u00a0Quelque chose plus agr\u00e9able que la mort tu le trouveras partout.\u00a0\u00bb<br \/>\nJ&rsquo;adore bricoler, tricoter, crocheter, cuisiner ou faire de la p\u00e2tisserie. Souvent mes amis demandent les recettes ou les instructions. C&rsquo;est pourquoi je publie la plupart de mes traveaux sur mon site. Cela vous permet de d\u00e9cider vous m\u00eame si vous voulez le reproduire. N&rsquo;h\u00e9sitez pas de me contacter si vous avez des questions ou si vous ne comprenez pas mes explications. Vous avez la possibilit\u00e9 de le faire \u00e0 la fin de chaque article.<br \/>\nBricoler avec des mat\u00e9riaux naturels me fait beaucoup plaisir. J&rsquo;utilise de longues promenades autour de notre maison \u00e0 <a href=\"http:\/\/www.rheinruhronline.de\/ratingen\/lintorf\/lintorf.htm\" target=\"_blank\">Lintorf <\/a>pour ramasser c\u00f4nes de sapin, feuilles, branches et tout ce qui se trouve sur le sol de la for\u00eat.<\/p>\n<p><em><br \/>\n<\/em><\/p>","protected":false},"excerpt":{"rendered":"<p>Moi, c&rsquo;est l&rsquo;\u00e2ne &#8211; au moins selon mes amis qui m&rsquo;ont donn\u00e9e ce sobriquet. Gr\u00e2ce \u00e0 mes cheveux gris et un certain ent\u00eatement je l&rsquo;ai re\u00e7u il y a d\u00e9j\u00e0 quelques ans. Ent\u00eat\u00e9e &#8211; je le suis souvent s&rsquo;il faut r\u00e9aliser chose impossible. En dehors de \u00e7a je pr\u00e9f\u00e8re suivre la fidelit\u00e9 transmise du l&rsquo;\u00e2ne [&hellip;]<\/p>\n","protected":false},"author":1,"featured_media":0,"parent":0,"menu_order":3,"comment_status":"open","ping_status":"open","template":"","meta":{"ngg_post_thumbnail":0},"_links":{"self":[{"href":"https:\/\/www.bastelesel.de\/fr\/wp-json\/wp\/v2\/pages\/9"}],"collection":[{"href":"https:\/\/www.bastelesel.de\/fr\/wp-json\/wp\/v2\/pages"}],"about":[{"href":"https:\/\/www.bastelesel.de\/fr\/wp-json\/wp\/v2\/types\/page"}],"author":[{"embeddable":true,"href":"https:\/\/www.bastelesel.de\/fr\/wp-json\/wp\/v2\/users\/1"}],"replies":[{"embeddable":true,"href":"https:\/\/www.bastelesel.de\/fr\/wp-json\/wp\/v2\/comments?post=9"}],"version-history":[{"count":16,"href":"https:\/\/www.bastelesel.de\/fr\/wp-json\/wp\/v2\/pages\/9\/revisions"}],"predecessor-version":[{"id":3306,"href":"https:\/\/www.bastelesel.de\/fr\/wp-json\/wp\/v2\/pages\/9\/revisions\/3306"}],"wp:attachment":[{"href":"https:\/\/www.bastelesel.de\/fr\/wp-json\/wp\/v2\/media?parent=9"}],"curies":[{"name":"wp","href":"https:\/\/api.w.org\/{rel}","templated":true}]}}